{"id":2966,"date":"2019-11-26T09:25:19","date_gmt":"2019-11-26T08:25:19","guid":{"rendered":"http:\/\/fondation-jefpag.com\/?page_id=2966"},"modified":"2021-11-22T07:40:38","modified_gmt":"2021-11-22T06:40:38","slug":"education","status":"publish","type":"page","link":"https:\/\/fondation-jefpag.com\/index.php\/education\/","title":{"rendered":"EDUCATION"},"content":{"rendered":"<h3 style=\"text-align: center;\">Nos actions pour l&#8217;acc\u00e8s \u00e0 l&#8217;\u00e9ducation<\/h3>\n<p style=\"text-align: center;\"><img loading=\"lazy\" class=\"aligncenter size-full wp-image-3218\" src=\"http:\/\/fondation-jefpag.com\/wp-content\/uploads\/2019\/11\/1-5.png\" alt=\"\" width=\"1350\" height=\"1350\" srcset=\"https:\/\/fondation-jefpag.com\/wp-content\/uploads\/2019\/11\/1-5.png 1350w, https:\/\/fondation-jefpag.com\/wp-content\/uploads\/2019\/11\/1-5-150x150.png 150w, https:\/\/fondation-jefpag.com\/wp-content\/uploads\/2019\/11\/1-5-300x300.png 300w, https:\/\/fondation-jefpag.com\/wp-content\/uploads\/2019\/11\/1-5-768x768.png 768w, https:\/\/fondation-jefpag.com\/wp-content\/uploads\/2019\/11\/1-5-1024x1024.png 1024w, https:\/\/fondation-jefpag.com\/wp-content\/uploads\/2019\/11\/1-5-400x400.png 400w\" sizes=\"(max-width: 1350px) 100vw, 1350px\" \/><\/p>\n","protected":false},"excerpt":{"rendered":"<p>Nos actions pour l&#8217;acc\u00e8s \u00e0 l&#8217;\u00e9ducation<\/p>\n","protected":false},"author":1,"featured_media":0,"parent":0,"menu_order":0,"comment_status":"closed","ping_status":"closed","template":"","meta":{"_bbp_topic_count":0,"_bbp_reply_count":0,"_bbp_total_topic_count":0,"_bbp_total_reply_count":0,"_bbp_voice_count":0,"_bbp_anonymous_reply_count":0,"_bbp_topic_count_hidden":0,"_bbp_reply_count_hidden":0,"_bbp_forum_subforum_count":0},"_links":{"self":[{"href":"https:\/\/fondation-jefpag.com\/index.php\/wp-json\/wp\/v2\/pages\/2966"}],"collection":[{"href":"https:\/\/fondation-jefpag.com\/index.php\/wp-json\/wp\/v2\/pages"}],"about":[{"href":"https:\/\/fondation-jefpag.com\/index.php\/wp-json\/wp\/v2\/types\/page"}],"author":[{"embeddable":true,"href":"https:\/\/fondation-jefpag.com\/index.php\/wp-json\/wp\/v2\/users\/1"}],"replies":[{"embeddable":true,"href":"https:\/\/fondation-jefpag.com\/index.php\/wp-json\/wp\/v2\/comments?post=2966"}],"version-history":[{"count":8,"href":"https:\/\/fondation-jefpag.com\/index.php\/wp-json\/wp\/v2\/pages\/2966\/revisions"}],"predecessor-version":[{"id":3336,"href":"https:\/\/fondation-jefpag.com\/index.php\/wp-json\/wp\/v2\/pages\/2966\/revisions\/3336"}],"wp:attachment":[{"href":"https:\/\/fondation-jefpag.com\/index.php\/wp-json\/wp\/v2\/media?parent=2966"}],"curies":[{"name":"wp","href":"https:\/\/api.w.org\/{rel}","templated":true}]}}