{"id":2993,"date":"2019-11-26T09:37:40","date_gmt":"2019-11-26T08:37:40","guid":{"rendered":"http:\/\/fondation-jefpag.com\/?page_id=2993"},"modified":"2020-01-14T03:08:55","modified_gmt":"2020-01-14T02:08:55","slug":"nos-partenaires","status":"publish","type":"page","link":"https:\/\/fondation-jefpag.com\/index.php\/nos-partenaires\/","title":{"rendered":"Nos partenaires"},"content":{"rendered":"<h3 style=\"text-align: center;\">Nos partenaires<\/h3>\n<p style=\"text-align: center;\">D\u00e8s sa cr\u00e9ation, JEFPAG a d\u00e9cid\u00e9 de s\u2019associer \u00e0 des ONG fran\u00e7aises, structur\u00e9es et exp\u00e9riment\u00e9es, d\u00e9j\u00e0 pr\u00e9sentes aux Philippines. \u00c0 d\u00e9faut de mettre en place un nouveau projet humanitaire, JEFPAG a trouv\u00e9 plus judicieux de mettre sa capacit\u00e9 humaine et financi\u00e8re au profit d\u2019actions existantes mais ayant parfois besoin d\u2019un coup de pouce.<span class=\"Apple-converted-space\">\u00a0<\/span><\/p>\n<p style=\"text-align: center;\"><img loading=\"lazy\" class=\"aligncenter size-large wp-image-3118\" src=\"http:\/\/fondation-jefpag.com\/wp-content\/uploads\/2019\/11\/Sans-titre-6-1024x768.png\" alt=\"\" width=\"1024\" height=\"768\" srcset=\"https:\/\/fondation-jefpag.com\/wp-content\/uploads\/2019\/11\/Sans-titre-6.png 1024w, https:\/\/fondation-jefpag.com\/wp-content\/uploads\/2019\/11\/Sans-titre-6-300x225.png 300w, https:\/\/fondation-jefpag.com\/wp-content\/uploads\/2019\/11\/Sans-titre-6-768x576.png 768w\" sizes=\"(max-width: 1024px) 100vw, 1024px\" \/><\/p>\n","protected":false},"excerpt":{"rendered":"<p>Nos partenaires D\u00e8s sa cr\u00e9ation, JEFPAG a d\u00e9cid\u00e9 de s\u2019associer \u00e0 des ONG fran\u00e7aises, structur\u00e9es et exp\u00e9riment\u00e9es, d\u00e9j\u00e0 pr\u00e9sentes aux Philippines. \u00c0 d\u00e9faut de mettre en place un nouveau projet humanitaire, JEFPAG a trouv\u00e9 plus judicieux de mettre sa capacit\u00e9 humaine et financi\u00e8re au profit d\u2019actions existantes mais ayant parfois besoin d\u2019un coup de pouce.\u00a0<\/p>\n","protected":false},"author":1,"featured_media":0,"parent":0,"menu_order":0,"comment_status":"closed","ping_status":"closed","template":"","meta":{"_bbp_topic_count":0,"_bbp_reply_count":0,"_bbp_total_topic_count":0,"_bbp_total_reply_count":0,"_bbp_voice_count":0,"_bbp_anonymous_reply_count":0,"_bbp_topic_count_hidden":0,"_bbp_reply_count_hidden":0,"_bbp_forum_subforum_count":0},"_links":{"self":[{"href":"https:\/\/fondation-jefpag.com\/index.php\/wp-json\/wp\/v2\/pages\/2993"}],"collection":[{"href":"https:\/\/fondation-jefpag.com\/index.php\/wp-json\/wp\/v2\/pages"}],"about":[{"href":"https:\/\/fondation-jefpag.com\/index.php\/wp-json\/wp\/v2\/types\/page"}],"author":[{"embeddable":true,"href":"https:\/\/fondation-jefpag.com\/index.php\/wp-json\/wp\/v2\/users\/1"}],"replies":[{"embeddable":true,"href":"https:\/\/fondation-jefpag.com\/index.php\/wp-json\/wp\/v2\/comments?post=2993"}],"version-history":[{"count":3,"href":"https:\/\/fondation-jefpag.com\/index.php\/wp-json\/wp\/v2\/pages\/2993\/revisions"}],"predecessor-version":[{"id":3119,"href":"https:\/\/fondation-jefpag.com\/index.php\/wp-json\/wp\/v2\/pages\/2993\/revisions\/3119"}],"wp:attachment":[{"href":"https:\/\/fondation-jefpag.com\/index.php\/wp-json\/wp\/v2\/media?parent=2993"}],"curies":[{"name":"wp","href":"https:\/\/api.w.org\/{rel}","templated":true}]}}