{"id":2994,"date":"2019-11-26T09:37:40","date_gmt":"2019-11-26T08:37:40","guid":{"rendered":"http:\/\/fondation-jefpag.com\/?page_id=2994"},"modified":"2020-01-14T03:14:00","modified_gmt":"2020-01-14T02:14:00","slug":"nos-donateurs","status":"publish","type":"page","link":"https:\/\/fondation-jefpag.com\/index.php\/nos-donateurs\/","title":{"rendered":"Nos donateurs"},"content":{"rendered":"<p style=\"text-align: center;\"><strong>\u00c0 la recherche de nouveaux donateurs depuis f\u00e9vrier 2020, JEFPAG per\u00e7oit des fonds ext\u00e9rieurs qui lui permettent de continuer ses actions et si possible de les d\u00e9velopper. L\u2019ensemble de l\u2019\u00e9quipe tient \u00e0 chaleureusement remercier celles et ceux qui contribuent financi\u00e8rement \u00e0 faire perdurer le projet et, en ce sens, \u00e0 am\u00e9liorer les conditions de vie des Philippines parmi les plus pauvres.<\/strong><\/p>\n<p style=\"text-align: center;\"><img loading=\"lazy\" class=\"aligncenter size-large wp-image-3121\" src=\"http:\/\/fondation-jefpag.com\/wp-content\/uploads\/2019\/11\/Ajouter-un-titre-1024x493.png\" alt=\"\" width=\"1024\" height=\"493\" srcset=\"https:\/\/fondation-jefpag.com\/wp-content\/uploads\/2019\/11\/Ajouter-un-titre-1024x493.png 1024w, https:\/\/fondation-jefpag.com\/wp-content\/uploads\/2019\/11\/Ajouter-un-titre-300x144.png 300w, https:\/\/fondation-jefpag.com\/wp-content\/uploads\/2019\/11\/Ajouter-un-titre-768x370.png 768w, https:\/\/fondation-jefpag.com\/wp-content\/uploads\/2019\/11\/Ajouter-un-titre.png 1350w\" sizes=\"(max-width: 1024px) 100vw, 1024px\" \/><\/p>\n","protected":false},"excerpt":{"rendered":"<p>\u00c0 la recherche de nouveaux donateurs depuis f\u00e9vrier 2020, JEFPAG per\u00e7oit des fonds ext\u00e9rieurs qui lui permettent de continuer ses actions et si possible de les d\u00e9velopper. L\u2019ensemble de l\u2019\u00e9quipe tient \u00e0 chaleureusement remercier celles et ceux qui contribuent financi\u00e8rement \u00e0 faire perdurer le projet et, en ce sens, \u00e0 am\u00e9liorer les conditions de vie [&hellip;]<\/p>\n","protected":false},"author":1,"featured_media":0,"parent":0,"menu_order":0,"comment_status":"closed","ping_status":"closed","template":"","meta":{"_bbp_topic_count":0,"_bbp_reply_count":0,"_bbp_total_topic_count":0,"_bbp_total_reply_count":0,"_bbp_voice_count":0,"_bbp_anonymous_reply_count":0,"_bbp_topic_count_hidden":0,"_bbp_reply_count_hidden":0,"_bbp_forum_subforum_count":0},"_links":{"self":[{"href":"https:\/\/fondation-jefpag.com\/index.php\/wp-json\/wp\/v2\/pages\/2994"}],"collection":[{"href":"https:\/\/fondation-jefpag.com\/index.php\/wp-json\/wp\/v2\/pages"}],"about":[{"href":"https:\/\/fondation-jefpag.com\/index.php\/wp-json\/wp\/v2\/types\/page"}],"author":[{"embeddable":true,"href":"https:\/\/fondation-jefpag.com\/index.php\/wp-json\/wp\/v2\/users\/1"}],"replies":[{"embeddable":true,"href":"https:\/\/fondation-jefpag.com\/index.php\/wp-json\/wp\/v2\/comments?post=2994"}],"version-history":[{"count":3,"href":"https:\/\/fondation-jefpag.com\/index.php\/wp-json\/wp\/v2\/pages\/2994\/revisions"}],"predecessor-version":[{"id":3122,"href":"https:\/\/fondation-jefpag.com\/index.php\/wp-json\/wp\/v2\/pages\/2994\/revisions\/3122"}],"wp:attachment":[{"href":"https:\/\/fondation-jefpag.com\/index.php\/wp-json\/wp\/v2\/media?parent=2994"}],"curies":[{"name":"wp","href":"https:\/\/api.w.org\/{rel}","templated":true}]}}