{"id":2995,"date":"2019-11-26T09:37:40","date_gmt":"2019-11-26T08:37:40","guid":{"rendered":"http:\/\/fondation-jefpag.com\/?page_id=2995"},"modified":"2021-11-22T08:24:43","modified_gmt":"2021-11-22T07:24:43","slug":"ils-parlent-de-nous","status":"publish","type":"page","link":"https:\/\/fondation-jefpag.com\/index.php\/ils-parlent-de-nous\/","title":{"rendered":"Ils parlent de nous"},"content":{"rendered":"<p>[vc_row][vc_column][vc_cta 0=&#8221;h2=&#8220;&#8221; 1=&#8221;`{`vc_cta&#8221; h2=&#8221;&#8220;C\u2019est la raison pour laquelle il a cr\u00e9\u00e9 la fondation JEFPAG en 2016 qui a pour but d\u2019aider aussi bien sur un plan financier qu\u2019humain, directement ou indirectement, les ONG de Cebu principalement mais pas exclusivement.&#8220;&#8221; h2_font_container=&#8221;font_size:20&#8243; h2_google_fonts=&#8221;font_family:Ubuntu%3A300%2C300italic%2Cregular%2Citalic%2C500%2C500italic%2C700%2C700italic|font_style:500%20bold%20italic%3A500%3Aitalic&#8221; add_button=&#8221;bottom&#8221; btn_title=&#8221;Interview de Jean-Claude Cottet Moine par L&#8217;Union pour les Fran\u00e7ais des Philippines.&#8221; btn_style=&#8221;custom&#8221; btn_custom_background=&#8221;#c92951&#8243; btn_custom_text=&#8221;#ffffff&#8221; btn_size=&#8221;lg&#8221; btn_align=&#8221;center&#8221; btn_link=&#8221;url:https%3A%2F%2Fwww.facebook.com%2Funionpourlesfrancaisdesphilippines%2Fposts%2F3101554663409719|||&#8221; use_custom_fonts_h2=&#8221;true&#8221; btn_button_block=&#8221;true&#8221; btn_add_icon=&#8221;true&#8221; btn_custom_onclick=&#8221;true&#8221; use_custom_fonts_h4=&#8221;true&#8221; css=&#8221;.vc_custom_1637565872110{background-color: #ffffff !important;}&#8221;]Le 22 Ao\u00fbt 2021[\/vc_cta][vc_cta 0=&#8221;h2=&#8220;&#8221; 1=&#8221;`{`vc_cta&#8221; h2=&#8221;&#8220;Dans mon ancienne entreprise, je suis parvenu \u00e0 faire travailler ensemble 1500 personnes dans un climat familial. Je souhaite qu&#8217;il en soit de m\u00eame dans le domaine de l&#8217;humanitaire entre les diff\u00e9rents membres de ONG&#8220;&#8221; h2_font_container=&#8221;font_size:20&#8243; h2_google_fonts=&#8221;font_family:Ubuntu%3A300%2C300italic%2Cregular%2Citalic%2C500%2C500italic%2C700%2C700italic|font_style:500%20bold%20italic%3A500%3Aitalic&#8221; add_button=&#8221;bottom&#8221; btn_title=&#8221;Article sur Jefpag par Le Petit Journal Philippines. \u00ab \u00c0 Cebu, la fondation Jefpag invite les ONG \u00e0 collaborer plus ensemble. \u00bb &#8221; btn_style=&#8221;custom&#8221; btn_custom_background=&#8221;#c92951&#8243; btn_custom_text=&#8221;#ffffff&#8221; btn_size=&#8221;lg&#8221; btn_align=&#8221;center&#8221; btn_link=&#8221;url:https%3A%2F%2Flepetitjournal.com%2Fmanille%2Fcommunaute%2Fcebu-la-fondation-jefpag-invite-les-ong-collaborer-plus-ensemble-269362|||&#8221; use_custom_fonts_h2=&#8221;true&#8221; btn_button_block=&#8221;true&#8221; btn_add_icon=&#8221;true&#8221; btn_custom_onclick=&#8221;true&#8221; use_custom_fonts_h4=&#8221;true&#8221; css=&#8221;.vc_custom_1579676644059{background-color: #ffffff !important;}&#8221;]Le 27 Novembre 2019[\/vc_cta][vc_cta h2=&#8221;&#8220;Depuis mon enfance, je souhaite \u00eatre utile et aider les plus d\u00e9munis dans ce monde. Je m&#8217;\u00e9tais promis que si j&#8217;avais la sant\u00e9 et les moyens financiers, je consacrerais une partie de ma retraite \u00e0 des actions humanitaire. &#8220;&#8221; h2_font_container=&#8221;font_size:20&#8243; h2_google_fonts=&#8221;font_family:Ubuntu%3A300%2C300italic%2Cregular%2Citalic%2C500%2C500italic%2C700%2C700italic|font_style:500%20bold%20italic%3A500%3Aitalic&#8221; add_button=&#8221;bottom&#8221; btn_title=&#8221;Interview de Jean-Claude Cottet Moine par Enfants d\u2019Asie. \u00ab Notre partenaire, la Fondation Cottet Moine \u00bb.&#8221; btn_style=&#8221;custom&#8221; btn_custom_background=&#8221;#c92951&#8243; btn_custom_text=&#8221;#ffffff&#8221; btn_size=&#8221;lg&#8221; btn_align=&#8221;center&#8221; btn_link=&#8221;url:https%3A%2F%2Fenfantsdasie.com%2Fblog%2F2019%2F05%2F02%2Fnotre-partenaire-la-fondation-cottet-moine%2F|||&#8221; use_custom_fonts_h2=&#8221;true&#8221; btn_button_block=&#8221;true&#8221; btn_add_icon=&#8221;true&#8221; btn_custom_onclick=&#8221;true&#8221; use_custom_fonts_h4=&#8221;true&#8221; css=&#8221;.vc_custom_1579676660055{background-color: #ffffff !important;}&#8221;]Le 2 mai 2019[\/vc_cta][vc_cta h2=&#8221; \u00ab J\u2019esp\u00e8re que la profession immobili\u00e8re saura accepter le cadeau que je lui fais. C\u2019est l\u00e0 mon plus grand challenge aujourd\u2019hui. Le concurrent que j\u2019\u00e9tais hier est devenu le partenaire et l\u2019ami d\u2019aujourd\u2019hui. \u00bb&#8221; h2_font_container=&#8221;font_size:20&#8243; h2_google_fonts=&#8221;font_family:Ubuntu%3A300%2C300italic%2Cregular%2Citalic%2C500%2C500italic%2C700%2C700italic|font_style:500%20bold%20italic%3A500%3Aitalic&#8221; add_button=&#8221;bottom&#8221; btn_title=&#8221; T\u00e9moignage de Jean-Claude Cottet Moine par La Tribune. \u00ab Jean-Claude Cottet Moine lance Boom Immo. \u00bb&#8221; btn_style=&#8221;custom&#8221; btn_custom_background=&#8221;#c92951&#8243; btn_custom_text=&#8221;#ffffff&#8221; btn_size=&#8221;lg&#8221; btn_align=&#8221;center&#8221; btn_link=&#8221;url:https%3A%2F%2Fobjectif-languedoc-roussillon.latribune.fr%2Flanguedoc-roussillon%2FActualites%2FJean-Claude-Cottet-Moine-lance-Boom-Immo_1662.html|||&#8221; use_custom_fonts_h2=&#8221;true&#8221; btn_button_block=&#8221;true&#8221; btn_add_icon=&#8221;true&#8221; btn_custom_onclick=&#8221;true&#8221; use_custom_fonts_h4=&#8221;true&#8221; css=&#8221;.vc_custom_1579676723237{background-color: #ffffff !important;}&#8221;]Le 23 Avril 2012[\/vc_cta][vc_cta h2=&#8221; \u00ab  Lorsque nous avons lanc\u00e9 un concept in\u00e9dit en 2002, sur le pari que l\u2019agence immobili\u00e8re n\u2019existerait plus, nous avons d\u2019abord v\u00e9cu des ann\u00e9es difficiles. \u00bb&#8221; h2_font_container=&#8221;font_size:20&#8243; h2_google_fonts=&#8221;font_family:Ubuntu%3A300%2C300italic%2Cregular%2Citalic%2C500%2C500italic%2C700%2C700italic|font_style:500%20bold%20italic%3A500%3Aitalic&#8221; add_button=&#8221;bottom&#8221; btn_title=&#8221; T\u00e9moignage de Jean-Claude Cottet Moine par Le Parisien. \u00ab De nouveaux m\u00e9tiers li\u00e9s au d\u00e9veloppement du web \u00bb.&#8221; btn_style=&#8221;custom&#8221; btn_custom_background=&#8221;#c92951&#8243; btn_custom_text=&#8221;#ffffff&#8221; btn_size=&#8221;lg&#8221; btn_align=&#8221;center&#8221; btn_link=&#8221;url:http%3A%2F%2Fwww.leparisien.fr%2Feconomie%2Fde-nouveaux-metiers-lies-au-developpement-du-web-07-11-2011-1705489.php|||&#8221; use_custom_fonts_h2=&#8221;true&#8221; btn_button_block=&#8221;true&#8221; btn_add_icon=&#8221;true&#8221; btn_custom_onclick=&#8221;true&#8221; use_custom_fonts_h4=&#8221;true&#8221; css=&#8221;.vc_custom_1579676878187{background-color: #ffffff !important;}&#8221;]Le\u00a07 Novembre 2011[\/vc_cta][vc_cta h2=&#8221;\u00ab Au d\u00e9but lorsque j\u2019ai lanc\u00e9 CAPIFRANCE, Internet n\u2019avait pas acquis cette dimension pour nous, professionnels de l\u2019immobilier. \u00bb &#8221; h2_font_container=&#8221;font_size:20&#8243; h2_google_fonts=&#8221;font_family:Ubuntu%3A300%2C300italic%2Cregular%2Citalic%2C500%2C500italic%2C700%2C700italic|font_style:500%20bold%20italic%3A500%3Aitalic&#8221; add_button=&#8221;bottom&#8221; btn_title=&#8221; Article sur Capi France par Midi Libre. \u00ab Fran\u00e7ois Pinault met la main sur Capi France \u00bb.&#8221; btn_style=&#8221;custom&#8221; btn_custom_background=&#8221;#c92951&#8243; btn_custom_text=&#8221;#ffffff&#8221; btn_size=&#8221;lg&#8221; btn_align=&#8221;center&#8221; btn_link=&#8221;url:https%3A%2F%2Fwww.midilibre.fr%2F2011%2F09%2F20%2Ffrancois-pinault-met-la-main-sur-capifrance-un-reseau-de-1-300-agents-commerciaux-dans-toute-la-france%2C390625.php%20|||&#8221; use_custom_fonts_h2=&#8221;true&#8221; btn_button_block=&#8221;true&#8221; btn_add_icon=&#8221;true&#8221; btn_custom_onclick=&#8221;true&#8221; use_custom_fonts_h4=&#8221;true&#8221; css=&#8221;.vc_custom_1579676951854{background-color: #ffffff !important;}&#8221;]Le 21 Septembre 2011[\/vc_cta][\/vc_column][\/vc_row]<\/p>\n","protected":false},"excerpt":{"rendered":"<p>[vc_row][vc_column][vc_cta 0=&#8221;h2=&#8220;&#8221; 1=&#8221;`{`vc_cta&#8221; h2=&#8221;&#8220;C\u2019est la raison pour laquelle il a cr\u00e9\u00e9 la fondation JEFPAG en 2016 qui a pour but d\u2019aider aussi bien sur un plan financier qu\u2019humain, directement ou indirectement, les ONG de Cebu principalement mais pas exclusivement.&#8220;&#8221; h2_font_container=&#8221;font_size:20&#8243; h2_google_fonts=&#8221;font_family:Ubuntu%3A300%2C300italic%2Cregular%2Citalic%2C500%2C500italic%2C700%2C700italic|font_style:500%20bold%20italic%3A500%3Aitalic&#8221; add_button=&#8221;bottom&#8221; btn_title=&#8221;Interview de Jean-Claude Cottet Moine par L&#8217;Union pour les Fran\u00e7ais des Philippines.&#8221; btn_style=&#8221;custom&#8221; [&hellip;]<\/p>\n","protected":false},"author":1,"featured_media":0,"parent":0,"menu_order":0,"comment_status":"closed","ping_status":"closed","template":"","meta":{"_bbp_topic_count":0,"_bbp_reply_count":0,"_bbp_total_topic_count":0,"_bbp_total_reply_count":0,"_bbp_voice_count":0,"_bbp_anonymous_reply_count":0,"_bbp_topic_count_hidden":0,"_bbp_reply_count_hidden":0,"_bbp_forum_subforum_count":0},"_links":{"self":[{"href":"https:\/\/fondation-jefpag.com\/index.php\/wp-json\/wp\/v2\/pages\/2995"}],"collection":[{"href":"https:\/\/fondation-jefpag.com\/index.php\/wp-json\/wp\/v2\/pages"}],"about":[{"href":"https:\/\/fondation-jefpag.com\/index.php\/wp-json\/wp\/v2\/types\/page"}],"author":[{"embeddable":true,"href":"https:\/\/fondation-jefpag.com\/index.php\/wp-json\/wp\/v2\/users\/1"}],"replies":[{"embeddable":true,"href":"https:\/\/fondation-jefpag.com\/index.php\/wp-json\/wp\/v2\/comments?post=2995"}],"version-history":[{"count":10,"href":"https:\/\/fondation-jefpag.com\/index.php\/wp-json\/wp\/v2\/pages\/2995\/revisions"}],"predecessor-version":[{"id":3342,"href":"https:\/\/fondation-jefpag.com\/index.php\/wp-json\/wp\/v2\/pages\/2995\/revisions\/3342"}],"wp:attachment":[{"href":"https:\/\/fondation-jefpag.com\/index.php\/wp-json\/wp\/v2\/media?parent=2995"}],"curies":[{"name":"wp","href":"https:\/\/api.w.org\/{rel}","templated":true}]}}