{"id":2998,"date":"2019-11-26T09:37:40","date_gmt":"2019-11-26T08:37:40","guid":{"rendered":"http:\/\/fondation-jefpag.com\/?page_id=2998"},"modified":"2021-11-22T07:42:16","modified_gmt":"2021-11-22T06:42:16","slug":"je-deviens-volontaire","status":"publish","type":"page","link":"https:\/\/fondation-jefpag.com\/index.php\/je-deviens-volontaire\/","title":{"rendered":"Je deviens volontaire"},"content":{"rendered":"\n<p>Aucun poste de volontaire n&#8217;est disponible pour le moment, mais n&#8217;h\u00e9sitez pas \u00e0 nous contactez \u00e0 <a rel=\"noreferrer noopener\" href=\"mailto:jefpag.foundation@gmail.com\" target=\"_blank\">jefpag.foundation@gmail.com<\/a> pour obtenir plus d&#8217;informations !<\/p>\n","protected":false},"excerpt":{"rendered":"<p>Aucun poste de volontaire n&#8217;est disponible pour le moment, mais n&#8217;h\u00e9sitez pas \u00e0 nous contactez \u00e0 jefpag.foundation@gmail.com pour obtenir plus d&#8217;informations !<\/p>\n","protected":false},"author":1,"featured_media":0,"parent":0,"menu_order":0,"comment_status":"closed","ping_status":"closed","template":"","meta":{"_bbp_topic_count":0,"_bbp_reply_count":0,"_bbp_total_topic_count":0,"_bbp_total_reply_count":0,"_bbp_voice_count":0,"_bbp_anonymous_reply_count":0,"_bbp_topic_count_hidden":0,"_bbp_reply_count_hidden":0,"_bbp_forum_subforum_count":0},"_links":{"self":[{"href":"https:\/\/fondation-jefpag.com\/index.php\/wp-json\/wp\/v2\/pages\/2998"}],"collection":[{"href":"https:\/\/fondation-jefpag.com\/index.php\/wp-json\/wp\/v2\/pages"}],"about":[{"href":"https:\/\/fondation-jefpag.com\/index.php\/wp-json\/wp\/v2\/types\/page"}],"author":[{"embeddable":true,"href":"https:\/\/fondation-jefpag.com\/index.php\/wp-json\/wp\/v2\/users\/1"}],"replies":[{"embeddable":true,"href":"https:\/\/fondation-jefpag.com\/index.php\/wp-json\/wp\/v2\/comments?post=2998"}],"version-history":[{"count":2,"href":"https:\/\/fondation-jefpag.com\/index.php\/wp-json\/wp\/v2\/pages\/2998\/revisions"}],"predecessor-version":[{"id":3338,"href":"https:\/\/fondation-jefpag.com\/index.php\/wp-json\/wp\/v2\/pages\/2998\/revisions\/3338"}],"wp:attachment":[{"href":"https:\/\/fondation-jefpag.com\/index.php\/wp-json\/wp\/v2\/media?parent=2998"}],"curies":[{"name":"wp","href":"https:\/\/api.w.org\/{rel}","templated":true}]}}